{"id":166,"date":"2024-09-12T14:01:24","date_gmt":"2024-09-12T12:01:24","guid":{"rendered":"https:\/\/rachelexposito.com\/?page_id=166"},"modified":"2026-04-17T12:56:39","modified_gmt":"2026-04-17T10:56:39","slug":"accompagnement-dirigeants-dentreprises","status":"publish","type":"page","link":"https:\/\/rachelexposito.com\/?page_id=166","title":{"rendered":"Accompagnement entrepreneurs \/ dirigeants"},"content":{"rendered":"\n<p class=\"has-text-align-center\"><strong>Vous \u00eates l\u00e0.<\/strong><\/p>\n\n\n\n<p class=\"has-text-align-center\" style=\"line-height:1.3\">Vous avez tenu.<br>D\u00e9cid\u00e9. Port\u00e9. D\u00e9velopp\u00e9.<br>Travers\u00e9 les incertitudes, les tensions, les responsabilit\u00e9s.<\/p>\n\n\n\n<p class=\"has-text-align-center\" style=\"line-height:1.3\">Et pourtant\u2026<\/p>\n\n\n\n<p class=\"has-text-align-center\" style=\"line-height:1.3\">Quelque chose en vous sait<br>qu\u2019il est temps de faire autrement.<\/p>\n\n\n\n<p class=\"has-text-align-center\" style=\"line-height:1.3\">Une petite voix insiste.<br>Elle ne parle pas seulement de performance.<\/p>\n\n\n\n<p class=\"has-text-align-center\" style=\"line-height:1.3\">Elle parle de sens.<br>De justesse.<br>De durabilit\u00e9.<\/p>\n\n\n\n<p class=\"has-text-align-center\" style=\"line-height:1.3\">Pour votre entreprise.<br>Mais aussi pour vous.<\/p>\n\n\n\n\n\n<p class=\"has-text-align-center\" style=\"line-height:1.3\">J\u2019ai moi-m\u00eame dirig\u00e9 une entreprise pendant 14 ans.<\/p>\n\n\n\n<p class=\"has-text-align-center\" style=\"line-height:1.3\">Je sais ce que cela demande.<br>L\u2019engagement. La pression. Les d\u00e9cisions \u00e0 porter.<br>La capacit\u00e9 \u00e0 avancer, m\u00eame quand tout est flou.<\/p>\n\n\n\n<p class=\"has-text-align-center\" style=\"line-height:1.3\">Et je sais aussi ce que cela peut co\u00fbter.<\/p>\n\n\n\n<p class=\"has-text-align-center\" style=\"line-height:1.3\">La sant\u00e9.<br>La qualit\u00e9 de vie.<br>Les relations.<br>Et parfois\u2026 une part essentielle de soi.<\/p>\n\n\n\n<p class=\"has-text-align-center\" style=\"line-height:1.3\">Lever la t\u00eate devient difficile,<br>quand tout repose sur vous.<\/p>\n\n\n\n<p class=\"has-text-align-center\" style=\"line-height:1.3\">Prendre du recul peut sembler impossible,<br>alors m\u00eame que c\u2019est pr\u00e9cis\u00e9ment ce dont vous auriez besoin.<\/p>\n\n\n\n\n\n<p class=\"has-text-align-center\" style=\"line-height:1.3\"><strong>C\u2019est l\u00e0 que j\u2019interviens.<\/strong><\/p>\n\n\n\n<p class=\"has-text-align-center\" style=\"line-height:1.3\">Je vous propose un espace \u00e0 part.<br>Un espace pour ralentir, clarifier, comprendre.<\/p>\n\n\n\n<p class=\"has-text-align-center\" style=\"line-height:1.3\">Un espace pour d\u00e9poser ce qui se joue r\u00e9ellement :<br>vos doutes, vos tensions, vos choix, vos \u00e9lans.<\/p>\n\n\n\n<p class=\"has-text-align-center\" style=\"line-height:1.3\">Et remettre du mouvement, l\u00e0 o\u00f9 quelque chose s\u2019est fig\u00e9.<\/p>\n\n\n\n\n\n<p class=\"has-text-align-center\" style=\"line-height:1.3\">Mon approche relie le monde int\u00e9rieur et le monde de l\u2019entreprise.<\/p>\n\n\n\n<p class=\"has-text-align-center\" style=\"line-height:1.3\">Elle prend en compte l\u2019ensemble de ce qui vous constitue :<br>le corps, l\u2019\u00e9motion, la pens\u00e9e, la posture, la vision.<\/p>\n\n\n\n<p class=\"has-text-align-center\" style=\"line-height:1.3\">Parce qu\u2019une d\u00e9cision juste<br>ne se prend pas uniquement avec la t\u00eate.<\/p>\n\n\n\n\n\n<p class=\"has-text-align-center\" style=\"line-height:1.3\">Ensemble, nous travaillons \u00e0 :<\/p>\n\n\n\n<p class=\"has-text-align-center\" style=\"line-height:1.3\">Retrouver de la clart\u00e9<br>Prendre des d\u00e9cisions align\u00e9es<br>Renforcer votre posture et votre pr\u00e9sence<br>Remettre du sens dans votre action<br>Retrouver un \u00e9lan juste et durable<\/p>\n\n\n\n\n\n<p class=\"has-text-align-center\" style=\"line-height:1.3\">Je vous accompagne \u00e0 la fois dans vos enjeux individuels<br>et dans ceux de votre organisation.<\/p>\n\n\n\n<p class=\"has-text-align-center\" style=\"line-height:1.3\">Coaching de dirigeants<br>Accompagnement au changement<br>Coaching d\u2019\u00e9quipe<br>S\u00e9minaires et team building<\/p>\n\n\n\n\n\n<p class=\"has-text-align-center\" style=\"line-height:1.3\">Si vous ressentez que quelque chose doit \u00e9voluer,<br>vous n\u2019avez pas besoin d\u2019avoir tout compris pour commencer.<\/p>\n\n\n\n<p class=\"has-text-align-center\" style=\"line-height:1.3\">Nous pouvons simplement en parler.<\/p>\n\n\n\n\n\n<div class=\"wp-block-uagb-buttons uagb-buttons__outer-wrap uagb-btn__default-btn uagb-btn-tablet__default-btn uagb-btn-mobile__default-btn uagb-block-6b02581d\"><div class=\"uagb-buttons__wrap uagb-buttons-layout-wrap \">\n<div class=\"wp-block-uagb-buttons-child uagb-buttons__outer-wrap uagb-block-1890579a wp-block-button\"><div class=\"uagb-button__wrapper\"><a class=\"uagb-buttons-repeater wp-block-button__link\" aria-label=\"\" href=\"\/\/rachelexposito.com\/?page_id=20\" rel=\"follow noopener\" target=\"_self\" role=\"button\"><div class=\"uagb-button__link\">\u00e9changer ensemble<\/div><span class=\"uagb-button__icon uagb-button__icon-position-after\"><svg xmlns=\"https:\/\/www.w3.org\/2000\/svg\" viewBox=\"0 0 448 512\" aria-hidden=\"true\" focussable=\"false\"><path d=\"M438.6 278.6l-160 160C272.4 444.9 264.2 448 256 448s-16.38-3.125-22.62-9.375c-12.5-12.5-12.5-32.75 0-45.25L338.8 288H32C14.33 288 .0016 273.7 .0016 256S14.33 224 32 224h306.8l-105.4-105.4c-12.5-12.5-12.5-32.75 0-45.25s32.75-12.5 45.25 0l160 160C451.1 245.9 451.1 266.1 438.6 278.6z\"><\/path><\/svg><\/span><\/a><\/div><\/div>\n<\/div><\/div>\n\n\n\n<p><\/p>\n\n\n\n<div class=\"wp-block-uagb-image aligncenter uagb-block-899c8a40 wp-block-uagb-image--layout-default wp-block-uagb-image--effect-static wp-block-uagb-image--align-center\"><figure class=\"wp-block-uagb-image__figure\"><img decoding=\"async\" srcset=\"https:\/\/rachelexposito.com\/wp-content\/uploads\/2024\/09\/20240925_103419-300x139.jpg ,https:\/\/rachelexposito.com\/wp-content\/uploads\/2024\/09\/20240925_103419.jpg 780w, https:\/\/rachelexposito.com\/wp-content\/uploads\/2024\/09\/20240925_103419.jpg 360w\" sizes=\"(max-width: 480px) 150px\" src=\"https:\/\/rachelexposito.com\/wp-content\/uploads\/2024\/09\/20240925_103419-300x139.jpg\" alt=\"\" class=\"uag-image-385\" width=\"300\" height=\"139\" title=\"\" loading=\"lazy\" role=\"presentation\"\/><\/figure><\/div>\n\n\n\n<p><\/p>\n\n\n\n<p><\/p>\n\n\n\n<p><\/p>\n\n\n","protected":false},"excerpt":{"rendered":"<p>Vous \u00eates l\u00e0. Vous avez tenu.D\u00e9cid\u00e9. Port\u00e9. D\u00e9velopp\u00e9.Travers\u00e9 les incertitudes, les tensions, les responsabilit\u00e9s. Et pourtant\u2026 Quelque chose en vous saitqu\u2019il est temps de faire autrement. Une petite voix insiste.Elle ne parle pas seulement de performance. Elle parle de sens.De justesse.De durabilit\u00e9. Pour votre entreprise.Mais aussi pour vous. J\u2019ai moi-m\u00eame dirig\u00e9 une entreprise pendant 14 &hellip; <\/p>\n<p class=\"link-more\"><a href=\"https:\/\/rachelexposito.com\/?page_id=166\" class=\"more-link\">Lire la suite de<span class=\"screen-reader-text\">\u00ab\u00a0Accompagnement entrepreneurs \/ dirigeants\u00a0\u00bb<\/span><\/a><\/p>\n","protected":false},"author":1,"featured_media":0,"parent":0,"menu_order":0,"comment_status":"closed","ping_status":"closed","template":"","meta":{"_uag_custom_page_level_css":"","footnotes":""},"class_list":["post-166","page","type-page","status-publish","hentry"],"yoast_head":"<!-- This site is optimized with the Yoast SEO plugin v23.4 - https:\/\/yoast.com\/wordpress\/plugins\/seo\/ -->\n<title>Accompagnement entrepreneurs \/ dirigeants - Centre Amargia<\/title>\n<meta name=\"robots\" content=\"index, follow, max-snippet:-1, max-image-preview:large, max-video-preview:-1\" \/>\n<link rel=\"canonical\" href=\"https:\/\/rachelexposito.com\/?page_id=166\" \/>\n<meta property=\"og:locale\" content=\"fr_FR\" \/>\n<meta property=\"og:type\" content=\"article\" \/>\n<meta property=\"og:title\" content=\"Accompagnement entrepreneurs \/ dirigeants - Centre Amargia\" \/>\n<meta property=\"og:description\" content=\"Vous \u00eates l\u00e0. Vous avez tenu.D\u00e9cid\u00e9. Port\u00e9. D\u00e9velopp\u00e9.Travers\u00e9 les incertitudes, les tensions, les responsabilit\u00e9s. Et pourtant\u2026 Quelque chose en vous saitqu\u2019il est temps de faire autrement. Une petite voix insiste.Elle ne parle pas seulement de performance. Elle parle de sens.De justesse.De durabilit\u00e9. Pour votre entreprise.Mais aussi pour vous. J\u2019ai moi-m\u00eame dirig\u00e9 une entreprise pendant 14 &hellip; Lire la suite de\u00ab\u00a0Accompagnement entrepreneurs \/ dirigeants\u00a0\u00bb\" \/>\n<meta property=\"og:url\" content=\"https:\/\/rachelexposito.com\/?page_id=166\" \/>\n<meta property=\"og:site_name\" content=\"Centre Amargia\" \/>\n<meta property=\"article:modified_time\" content=\"2026-04-17T10:56:39+00:00\" \/>\n<meta property=\"og:image\" content=\"https:\/\/rachelexposito.com\/wp-content\/uploads\/2024\/09\/20240925_103419-300x139.jpg\" \/>\n<meta name=\"twitter:card\" content=\"summary_large_image\" \/>\n<meta name=\"twitter:label1\" content=\"Dur\u00e9e de lecture estim\u00e9e\" \/>\n\t<meta name=\"twitter:data1\" content=\"2 minutes\" \/>\n<script type=\"application\/ld+json\" class=\"yoast-schema-graph\">{\"@context\":\"https:\/\/schema.org\",\"@graph\":[{\"@type\":\"WebPage\",\"@id\":\"https:\/\/rachelexposito.com\/?page_id=166\",\"url\":\"https:\/\/rachelexposito.com\/?page_id=166\",\"name\":\"Accompagnement entrepreneurs \/ dirigeants - Centre Amargia\",\"isPartOf\":{\"@id\":\"https:\/\/rachelexposito.com\/#website\"},\"primaryImageOfPage\":{\"@id\":\"https:\/\/rachelexposito.com\/?page_id=166#primaryimage\"},\"image\":{\"@id\":\"https:\/\/rachelexposito.com\/?page_id=166#primaryimage\"},\"thumbnailUrl\":\"https:\/\/rachelexposito.com\/wp-content\/uploads\/2024\/09\/20240925_103419-300x139.jpg\",\"datePublished\":\"2024-09-12T12:01:24+00:00\",\"dateModified\":\"2026-04-17T10:56:39+00:00\",\"breadcrumb\":{\"@id\":\"https:\/\/rachelexposito.com\/?page_id=166#breadcrumb\"},\"inLanguage\":\"fr-FR\",\"potentialAction\":[{\"@type\":\"ReadAction\",\"target\":[\"https:\/\/rachelexposito.com\/?page_id=166\"]}]},{\"@type\":\"ImageObject\",\"inLanguage\":\"fr-FR\",\"@id\":\"https:\/\/rachelexposito.com\/?page_id=166#primaryimage\",\"url\":\"https:\/\/rachelexposito.com\/wp-content\/uploads\/2024\/09\/20240925_103419.jpg\",\"contentUrl\":\"https:\/\/rachelexposito.com\/wp-content\/uploads\/2024\/09\/20240925_103419.jpg\",\"width\":2000,\"height\":924},{\"@type\":\"BreadcrumbList\",\"@id\":\"https:\/\/rachelexposito.com\/?page_id=166#breadcrumb\",\"itemListElement\":[{\"@type\":\"ListItem\",\"position\":1,\"name\":\"Accueil\",\"item\":\"https:\/\/rachelexposito.com\/\"},{\"@type\":\"ListItem\",\"position\":2,\"name\":\"Accompagnement entrepreneurs \/ dirigeants\"}]},{\"@type\":\"WebSite\",\"@id\":\"https:\/\/rachelexposito.com\/#website\",\"url\":\"https:\/\/rachelexposito.com\/\",\"name\":\"Centre Amargia\",\"description\":\"Centre Amargia\",\"potentialAction\":[{\"@type\":\"SearchAction\",\"target\":{\"@type\":\"EntryPoint\",\"urlTemplate\":\"https:\/\/rachelexposito.com\/?s={search_term_string}\"},\"query-input\":{\"@type\":\"PropertyValueSpecification\",\"valueRequired\":true,\"valueName\":\"search_term_string\"}}],\"inLanguage\":\"fr-FR\"}]}<\/script>\n<!-- \/ Yoast SEO plugin. -->","yoast_head_json":{"title":"Accompagnement entrepreneurs \/ dirigeants - Centre Amargia","robots":{"index":"index","follow":"follow","max-snippet":"max-snippet:-1","max-image-preview":"max-image-preview:large","max-video-preview":"max-video-preview:-1"},"canonical":"https:\/\/rachelexposito.com\/?page_id=166","og_locale":"fr_FR","og_type":"article","og_title":"Accompagnement entrepreneurs \/ dirigeants - Centre Amargia","og_description":"Vous \u00eates l\u00e0. Vous avez tenu.D\u00e9cid\u00e9. Port\u00e9. D\u00e9velopp\u00e9.Travers\u00e9 les incertitudes, les tensions, les responsabilit\u00e9s. Et pourtant\u2026 Quelque chose en vous saitqu\u2019il est temps de faire autrement. Une petite voix insiste.Elle ne parle pas seulement de performance. Elle parle de sens.De justesse.De durabilit\u00e9. Pour votre entreprise.Mais aussi pour vous. J\u2019ai moi-m\u00eame dirig\u00e9 une entreprise pendant 14 &hellip; Lire la suite de\u00ab\u00a0Accompagnement entrepreneurs \/ dirigeants\u00a0\u00bb","og_url":"https:\/\/rachelexposito.com\/?page_id=166","og_site_name":"Centre Amargia","article_modified_time":"2026-04-17T10:56:39+00:00","og_image":[{"url":"https:\/\/rachelexposito.com\/wp-content\/uploads\/2024\/09\/20240925_103419-300x139.jpg"}],"twitter_card":"summary_large_image","twitter_misc":{"Dur\u00e9e de lecture estim\u00e9e":"2 minutes"},"schema":{"@context":"https:\/\/schema.org","@graph":[{"@type":"WebPage","@id":"https:\/\/rachelexposito.com\/?page_id=166","url":"https:\/\/rachelexposito.com\/?page_id=166","name":"Accompagnement entrepreneurs \/ dirigeants - Centre Amargia","isPartOf":{"@id":"https:\/\/rachelexposito.com\/#website"},"primaryImageOfPage":{"@id":"https:\/\/rachelexposito.com\/?page_id=166#primaryimage"},"image":{"@id":"https:\/\/rachelexposito.com\/?page_id=166#primaryimage"},"thumbnailUrl":"https:\/\/rachelexposito.com\/wp-content\/uploads\/2024\/09\/20240925_103419-300x139.jpg","datePublished":"2024-09-12T12:01:24+00:00","dateModified":"2026-04-17T10:56:39+00:00","breadcrumb":{"@id":"https:\/\/rachelexposito.com\/?page_id=166#breadcrumb"},"inLanguage":"fr-FR","potentialAction":[{"@type":"ReadAction","target":["https:\/\/rachelexposito.com\/?page_id=166"]}]},{"@type":"ImageObject","inLanguage":"fr-FR","@id":"https:\/\/rachelexposito.com\/?page_id=166#primaryimage","url":"https:\/\/rachelexposito.com\/wp-content\/uploads\/2024\/09\/20240925_103419.jpg","contentUrl":"https:\/\/rachelexposito.com\/wp-content\/uploads\/2024\/09\/20240925_103419.jpg","width":2000,"height":924},{"@type":"BreadcrumbList","@id":"https:\/\/rachelexposito.com\/?page_id=166#breadcrumb","itemListElement":[{"@type":"ListItem","position":1,"name":"Accueil","item":"https:\/\/rachelexposito.com\/"},{"@type":"ListItem","position":2,"name":"Accompagnement entrepreneurs \/ dirigeants"}]},{"@type":"WebSite","@id":"https:\/\/rachelexposito.com\/#website","url":"https:\/\/rachelexposito.com\/","name":"Centre Amargia","description":"Centre Amargia","potentialAction":[{"@type":"SearchAction","target":{"@type":"EntryPoint","urlTemplate":"https:\/\/rachelexposito.com\/?s={search_term_string}"},"query-input":{"@type":"PropertyValueSpecification","valueRequired":true,"valueName":"search_term_string"}}],"inLanguage":"fr-FR"}]}},"uagb_featured_image_src":{"full":false,"thumbnail":false,"medium":false,"medium_large":false,"large":false,"1536x1536":false,"2048x2048":false,"inspiro-featured-image":false,"inspiro-loop":false,"inspiro-loop@2x":false},"uagb_author_info":{"display_name":"rachel.ange","author_link":"https:\/\/rachelexposito.com\/?author=1"},"uagb_comment_info":0,"uagb_excerpt":"Vous \u00eates l\u00e0. Vous avez tenu.D\u00e9cid\u00e9. Port\u00e9. D\u00e9velopp\u00e9.Travers\u00e9 les incertitudes, les tensions, les responsabilit\u00e9s. Et pourtant\u2026 Quelque chose en vous saitqu\u2019il est temps de faire autrement. Une petite voix insiste.Elle ne parle pas seulement de performance. Elle parle de sens.De justesse.De durabilit\u00e9. Pour votre entreprise.Mais aussi pour vous. J\u2019ai moi-m\u00eame dirig\u00e9 une entreprise pendant 14\u2026","_links":{"self":[{"href":"https:\/\/rachelexposito.com\/index.php?rest_route=\/wp\/v2\/pages\/166"}],"collection":[{"href":"https:\/\/rachelexposito.com\/index.php?rest_route=\/wp\/v2\/pages"}],"about":[{"href":"https:\/\/rachelexposito.com\/index.php?rest_route=\/wp\/v2\/types\/page"}],"author":[{"embeddable":true,"href":"https:\/\/rachelexposito.com\/index.php?rest_route=\/wp\/v2\/users\/1"}],"replies":[{"embeddable":true,"href":"https:\/\/rachelexposito.com\/index.php?rest_route=%2Fwp%2Fv2%2Fcomments&post=166"}],"version-history":[{"count":12,"href":"https:\/\/rachelexposito.com\/index.php?rest_route=\/wp\/v2\/pages\/166\/revisions"}],"predecessor-version":[{"id":635,"href":"https:\/\/rachelexposito.com\/index.php?rest_route=\/wp\/v2\/pages\/166\/revisions\/635"}],"wp:attachment":[{"href":"https:\/\/rachelexposito.com\/index.php?rest_route=%2Fwp%2Fv2%2Fmedia&parent=166"}],"curies":[{"name":"wp","href":"https:\/\/api.w.org\/{rel}","templated":true}]}}