{"id":20,"date":"2024-08-20T15:30:49","date_gmt":"2024-08-20T13:30:49","guid":{"rendered":"https:\/\/rachelexposito.com\/?page_id=20"},"modified":"2026-04-14T08:03:13","modified_gmt":"2026-04-14T06:03:13","slug":"contact-2","status":"publish","type":"page","link":"https:\/\/rachelexposito.com\/?page_id=20","title":{"rendered":"Contact"},"content":{"rendered":"\n<div class=\"wp-block-uagb-advanced-heading uagb-block-7e86c05a\"><h2 class=\"uagb-heading-text\"><strong>Et si c&rsquo;\u00e9tait le bon moment pour vous ?<\/strong><\/h2><\/div>\n\n\n\n<p><\/p>\n\n\n\n<div class=\"wp-block-group has-global-padding is-layout-constrained wp-block-group-is-layout-constrained\">\n<div class=\"wp-block-columns are-vertically-aligned-top is-layout-flex wp-container-core-columns-is-layout-1 wp-block-columns-is-layout-flex\" style=\"padding-top:0;padding-right:0;padding-bottom:0;padding-left:0\">\n<div class=\"wp-block-column is-vertically-aligned-top is-layout-flow wp-block-column-is-layout-flow\" style=\"padding-right:7%;flex-basis:50%\">\n<p class=\"has-tertiary-color has-text-color\">Vous pouvez me contacter simplement,                   par t\u00e9l\u00e9phone, email ou via le formulaire.<\/p>\n\n\n\n<p class=\"has-tertiary-color has-text-color has-link-color wp-elements-5c48259dabc9ef20c5bb6b855264a801\">Si vous ressentez que quelque chose ne va plus, ou que vous avez besoin d&rsquo;y voir plus clair, je serai ravie d&rsquo;\u00e9changer avec vous.<\/p>\n\n\n\n<p><\/p>\n<\/div>\n\n\n\n<div class=\"wp-block-column is-vertically-aligned-top is-layout-flow wp-block-column-is-layout-flow\" style=\"flex-basis:50%\"><\/div>\n<\/div>\n\n\n\n<div class=\"wp-block-columns are-vertically-aligned-center is-layout-flex wp-container-core-columns-is-layout-2 wp-block-columns-is-layout-flex\" style=\"padding-top:var(--wp--preset--spacing--60);padding-bottom:var(--wp--preset--spacing--60);padding-left:0\">\n<div class=\"wp-block-column is-vertically-aligned-center has-global-padding is-content-justification-left is-layout-constrained wp-container-core-column-is-layout-3 wp-block-column-is-layout-constrained\" style=\"flex-basis:66.66%\">\n<h2 class=\"wp-block-heading has-tertiary-color has-text-color has-link-color wp-elements-f1ce4713adb05b36fbd6d2f5eb552a92\">Prendre rendez-vous <\/h2>\n\n\n\n<p class=\"has-tertiary-color has-text-color has-link-color wp-elements-66e147bc1bd0cb71de9504d32e5336d1\">Choisissez simplement le cr\u00e9neau qui vous convient. <\/p>\n\n\n\n<p class=\"has-tertiary-color has-text-color has-link-color wp-elements-414c37e70d0a5cce842b103c5fc13135\">Premier \u00e9change de 30 minutes offert pour faire le point,                                 clarifier votre situation et voir ce qui est possible pour vous.<\/p>\n\n\n\n\n\n<p class=\"has-tertiary-color has-text-color has-link-color wp-elements-f2c37798430534af9d265cb1d5407280\"><strong>Vous pouvez aussi m&rsquo;\u00e9crire directement ici :<\/strong><\/p>\n\n\n\n<ul class=\"wp-block-list\">\n<li><strong>Parfois, il suffit d&rsquo;un premier \u00e9change pour commencer \u00e0 y voir clair.<\/strong><\/li>\n\n\n\n<li><strong>Je vous r\u00e9pondrai dans les plus brefs d\u00e9lais.<\/strong><\/li>\n<\/ul>\n<\/div>\n\n\n\n<div class=\"wp-block-column is-vertically-aligned-center is-layout-flow wp-block-column-is-layout-flow\" style=\"flex-basis:33.33%\">\n<div class=\"wp-block-buttons is-content-justification-right is-layout-flex wp-container-core-buttons-is-layout-1 wp-block-buttons-is-layout-flex\">\n<div class=\"wp-block-button has-custom-font-size is-style-fill\" style=\"font-size:14px;font-style:normal;font-weight:600;letter-spacing:1px;text-transform:uppercase\"><a class=\"wp-block-button__link wp-element-button\" href=\"https:\/\/calendly.com\/centreamargia\/rdvavecrachel\" style=\"border-radius:0px\" target=\"_blank\" rel=\"noreferrer noopener\">Choisir un cr\u00e9neau<\/a><\/div>\n<\/div>\n<\/div>\n<\/div>\n\n\n<style id=\"wpforms-css-vars-root\">\n\t\t\t\t:root {\n\t\t\t\t\t--wpforms-field-border-radius: 3px;\n--wpforms-field-border-style: solid;\n--wpforms-field-border-size: 1px;\n--wpforms-field-background-color: #ffffff;\n--wpforms-field-border-color: rgba( 0, 0, 0, 0.25 );\n--wpforms-field-border-color-spare: rgba( 0, 0, 0, 0.25 );\n--wpforms-field-text-color: rgba( 0, 0, 0, 0.7 );\n--wpforms-field-menu-color: #ffffff;\n--wpforms-label-color: rgba( 0, 0, 0, 0.85 );\n--wpforms-label-sublabel-color: rgba( 0, 0, 0, 0.55 );\n--wpforms-label-error-color: #d63637;\n--wpforms-button-border-radius: 3px;\n--wpforms-button-border-style: none;\n--wpforms-button-border-size: 1px;\n--wpforms-button-background-color: #066aab;\n--wpforms-button-border-color: #066aab;\n--wpforms-button-text-color: #ffffff;\n--wpforms-page-break-color: #066aab;\n--wpforms-background-image: none;\n--wpforms-background-position: center center;\n--wpforms-background-repeat: no-repeat;\n--wpforms-background-size: cover;\n--wpforms-background-width: 100px;\n--wpforms-background-height: 100px;\n--wpforms-background-color: rgba( 0, 0, 0, 0 );\n--wpforms-background-url: none;\n--wpforms-container-padding: 0px;\n--wpforms-container-border-style: none;\n--wpforms-container-border-width: 1px;\n--wpforms-container-border-color: #000000;\n--wpforms-container-border-radius: 3px;\n--wpforms-field-size-input-height: 43px;\n--wpforms-field-size-input-spacing: 15px;\n--wpforms-field-size-font-size: 16px;\n--wpforms-field-size-line-height: 19px;\n--wpforms-field-size-padding-h: 14px;\n--wpforms-field-size-checkbox-size: 16px;\n--wpforms-field-size-sublabel-spacing: 5px;\n--wpforms-field-size-icon-size: 1;\n--wpforms-label-size-font-size: 16px;\n--wpforms-label-size-line-height: 19px;\n--wpforms-label-size-sublabel-font-size: 14px;\n--wpforms-label-size-sublabel-line-height: 17px;\n--wpforms-button-size-font-size: 17px;\n--wpforms-button-size-height: 41px;\n--wpforms-button-size-padding-h: 15px;\n--wpforms-button-size-margin-top: 10px;\n--wpforms-container-shadow-size-box-shadow: none;\n\n\t\t\t\t}\n\t\t\t<\/style><div class=\"wpforms-container wpforms-container-full wpforms-block wpforms-block-72578057-22e3-4c87-a8a4-c5cc9f1d3822 wpforms-render-modern\" id=\"wpforms-279\"><form id=\"wpforms-form-279\" class=\"wpforms-validate wpforms-form wpforms-ajax-form\" data-formid=\"279\" method=\"post\" enctype=\"multipart\/form-data\" action=\"\/index.php?rest_route=%2Fwp%2Fv2%2Fpages%2F20\" data-token=\"c47c79e99cf53ac1a9bdeaa3f7efa341\" data-token-time=\"1776437172\"><noscript class=\"wpforms-error-noscript\">Veuillez activer JavaScript dans votre navigateur pour remplir ce formulaire.<\/noscript><div class=\"wpforms-hidden\" id=\"wpforms-error-noscript\">Veuillez activer JavaScript dans votre navigateur pour remplir ce formulaire.<\/div><div class=\"wpforms-field-container\"><div id=\"wpforms-279-field_1-container\" class=\"wpforms-field wpforms-field-name\" data-field-id=\"1\"><fieldset><legend class=\"wpforms-field-label\">Nom <span class=\"wpforms-required-label\" aria-hidden=\"true\">*<\/span><\/legend><div class=\"wpforms-field-row wpforms-field-medium\"><div class=\"wpforms-field-row-block wpforms-first wpforms-one-half\"><input type=\"text\" id=\"wpforms-279-field_1\" class=\"wpforms-field-name-first wpforms-field-required\" name=\"wpforms[fields][1][first]\" aria-errormessage=\"wpforms-279-field_1-error\" required><label for=\"wpforms-279-field_1\" class=\"wpforms-field-sublabel after\">Pr\u00e9nom<\/label><\/div><div class=\"wpforms-field-row-block wpforms-one-half\"><input type=\"text\" id=\"wpforms-279-field_1-last\" class=\"wpforms-field-name-last wpforms-field-required\" name=\"wpforms[fields][1][last]\" aria-errormessage=\"wpforms-279-field_1-last-error\" required><label for=\"wpforms-279-field_1-last\" class=\"wpforms-field-sublabel after\">Nom<\/label><\/div><\/div><\/fieldset><\/div><div id=\"wpforms-279-field_2-container\" class=\"wpforms-field wpforms-field-email\" data-field-id=\"2\"><label class=\"wpforms-field-label\" for=\"wpforms-279-field_2\">E-mail <span class=\"wpforms-required-label\" aria-hidden=\"true\">*<\/span><\/label><input type=\"email\" id=\"wpforms-279-field_2\" class=\"wpforms-field-medium wpforms-field-required\" name=\"wpforms[fields][2]\" spellcheck=\"false\" aria-errormessage=\"wpforms-279-field_2-error\" required><\/div><div id=\"wpforms-279-field_3-container\" class=\"wpforms-field wpforms-field-textarea\" data-field-id=\"3\"><label class=\"wpforms-field-label\" for=\"wpforms-279-field_3\">Commentaire ou message<\/label><textarea id=\"wpforms-279-field_3\" class=\"wpforms-field-medium\" name=\"wpforms[fields][3]\" aria-errormessage=\"wpforms-279-field_3-error\" ><\/textarea><\/div><\/div><!-- .wpforms-field-container --><div class=\"wpforms-submit-container\" ><input type=\"hidden\" name=\"wpforms[id]\" value=\"279\"><input type=\"hidden\" name=\"page_title\" value=\"\"><input type=\"hidden\" name=\"page_url\" value=\"https:\/\/rachelexposito.com\/index.php?rest_route=%2Fwp%2Fv2%2Fpages%2F20\"><button type=\"submit\" name=\"wpforms[submit]\" id=\"wpforms-submit-279\" class=\"wpforms-submit\" data-alt-text=\"Envoi...\" data-submit-text=\"Envoyer\" aria-live=\"assertive\" value=\"wpforms-submit\">Envoyer<\/button><img decoding=\"async\" src=\"https:\/\/rachelexposito.com\/wp-content\/plugins\/wpforms-lite\/assets\/images\/submit-spin.svg\" class=\"wpforms-submit-spinner\" style=\"display: none;\" width=\"26\" height=\"26\" alt=\"Chargement en cours\"><\/div><\/form><\/div>  <!-- .wpforms-container -->\n\n\n<div style=\"height:22px\" aria-hidden=\"true\" class=\"wp-block-spacer\"><\/div>\n<\/div>\n\n\n\n<div class=\"wp-block-group alignfull has-global-padding is-layout-constrained wp-container-core-group-is-layout-2 wp-block-group-is-layout-constrained\">\n<div class=\"wp-block-columns alignfull are-vertically-aligned-center has-light-background-background-color has-background is-layout-flex wp-container-core-columns-is-layout-3 wp-block-columns-is-layout-flex\" style=\"padding-top:0;padding-right:0;padding-bottom:0;padding-left:0\">\n<div class=\"wp-block-column is-vertically-aligned-center map-grayscale is-layout-flow wp-block-column-is-layout-flow\" style=\"flex-basis:50%\">\n<iframe src=\"https:\/\/www.google.com\/maps\/embed?pb=!1m18!1m12!1m3!1d31849.609697066542!2d-1.6216205283449994!3d43.42668018532517!2m3!1f0!2f0!3f0!3m2!1i1024!2i768!4f13.1!3m3!1m2!1s0xd5113d0808b6acf%3A0xd10c72ac4873b890!2s19%20Av.%20de%20Lahanchipia%2C%2064500%20Saint-Jean-de-Luz!5e0!3m2!1sfr!2sfr!4v1725290060274!5m2!1sfr!2sfr\" width=\"600\" height=\"450\" style=\"border:0;\" allowfullscreen=\"\" loading=\"lazy\" referrerpolicy=\"no-referrer-when-downgrade\"><\/iframe>\n<\/div>\n\n\n\n<div class=\"wp-block-column is-vertically-aligned-center is-layout-flow wp-block-column-is-layout-flow\" style=\"padding-top:var(--wp--preset--spacing--small);padding-right:var(--wp--preset--spacing--small);padding-bottom:var(--wp--preset--spacing--small);padding-left:2%;flex-basis:50%\">\n<h3 class=\"wp-block-heading\">O\u00f9 me trouver<\/h3>\n\n\n\n<p>Centre Amargia<br>19 av Lahanchipia<br>64500 St Jean de Luz<\/p>\n\n\n\n<h3 class=\"wp-block-heading\">Me contacter directement<\/h3>\n\n\n\n<p>06&nbsp;62&nbsp;36&nbsp;26&nbsp;26<br>centreamargia@gmail.com<\/p>\n<\/div>\n<\/div>\n<\/div>\n\n\n\n<p class=\"has-text-align-right\">Vous n&rsquo;avez pas besoin d&rsquo;avoir tout compris pour faire le premier pas&#8230; \ud83d\ude09<\/p>\n\n\n\n<p><\/p>\n","protected":false},"excerpt":{"rendered":"<p>Et si c&rsquo;\u00e9tait le bon moment pour vous ? Vous pouvez me contacter simplement, par t\u00e9l\u00e9phone, email ou via le formulaire. Si vous ressentez que quelque chose ne va plus, ou que vous avez besoin d&rsquo;y voir plus clair, je serai ravie d&rsquo;\u00e9changer avec vous. Prendre rendez-vous Choisissez simplement le cr\u00e9neau qui vous convient. Premier &hellip; <\/p>\n<p class=\"link-more\"><a href=\"https:\/\/rachelexposito.com\/?page_id=20\" class=\"more-link\">Lire la suite de<span class=\"screen-reader-text\">\u00ab\u00a0Contact\u00a0\u00bb<\/span><\/a><\/p>\n","protected":false},"author":1,"featured_media":257,"parent":0,"menu_order":0,"comment_status":"closed","ping_status":"closed","template":"","meta":{"_uag_custom_page_level_css":"","footnotes":""},"class_list":["post-20","page","type-page","status-publish","has-post-thumbnail","hentry"],"yoast_head":"<!-- This site is optimized with the Yoast SEO plugin v23.4 - https:\/\/yoast.com\/wordpress\/plugins\/seo\/ -->\n<title>Contact - Centre Amargia<\/title>\n<meta name=\"robots\" content=\"index, follow, max-snippet:-1, max-image-preview:large, max-video-preview:-1\" \/>\n<link rel=\"canonical\" href=\"https:\/\/rachelexposito.com\/?page_id=20\" \/>\n<meta property=\"og:locale\" content=\"fr_FR\" \/>\n<meta property=\"og:type\" content=\"article\" \/>\n<meta property=\"og:title\" content=\"Contact - Centre Amargia\" \/>\n<meta property=\"og:description\" content=\"Et si c&rsquo;\u00e9tait le bon moment pour vous ? Vous pouvez me contacter simplement, par t\u00e9l\u00e9phone, email ou via le formulaire. Si vous ressentez que quelque chose ne va plus, ou que vous avez besoin d&rsquo;y voir plus clair, je serai ravie d&rsquo;\u00e9changer avec vous. Prendre rendez-vous Choisissez simplement le cr\u00e9neau qui vous convient. Premier &hellip; Lire la suite de\u00ab\u00a0Contact\u00a0\u00bb\" \/>\n<meta property=\"og:url\" content=\"https:\/\/rachelexposito.com\/?page_id=20\" \/>\n<meta property=\"og:site_name\" content=\"Centre Amargia\" \/>\n<meta property=\"article:modified_time\" content=\"2026-04-14T06:03:13+00:00\" \/>\n<meta property=\"og:image\" content=\"https:\/\/rachelexposito.com\/wp-content\/uploads\/2024\/09\/rachel_header_2-1-scaled.jpg\" \/>\n\t<meta property=\"og:image:width\" content=\"2560\" \/>\n\t<meta property=\"og:image:height\" content=\"1183\" \/>\n\t<meta property=\"og:image:type\" content=\"image\/jpeg\" \/>\n<meta name=\"twitter:card\" content=\"summary_large_image\" \/>\n<meta name=\"twitter:label1\" content=\"Dur\u00e9e de lecture estim\u00e9e\" \/>\n\t<meta name=\"twitter:data1\" content=\"1 minute\" \/>\n<script type=\"application\/ld+json\" class=\"yoast-schema-graph\">{\"@context\":\"https:\/\/schema.org\",\"@graph\":[{\"@type\":\"WebPage\",\"@id\":\"https:\/\/rachelexposito.com\/?page_id=20\",\"url\":\"https:\/\/rachelexposito.com\/?page_id=20\",\"name\":\"Contact - Centre Amargia\",\"isPartOf\":{\"@id\":\"https:\/\/rachelexposito.com\/#website\"},\"primaryImageOfPage\":{\"@id\":\"https:\/\/rachelexposito.com\/?page_id=20#primaryimage\"},\"image\":{\"@id\":\"https:\/\/rachelexposito.com\/?page_id=20#primaryimage\"},\"thumbnailUrl\":\"https:\/\/rachelexposito.com\/wp-content\/uploads\/2024\/09\/rachel_header_2-1-scaled.jpg\",\"datePublished\":\"2024-08-20T13:30:49+00:00\",\"dateModified\":\"2026-04-14T06:03:13+00:00\",\"breadcrumb\":{\"@id\":\"https:\/\/rachelexposito.com\/?page_id=20#breadcrumb\"},\"inLanguage\":\"fr-FR\",\"potentialAction\":[{\"@type\":\"ReadAction\",\"target\":[\"https:\/\/rachelexposito.com\/?page_id=20\"]}]},{\"@type\":\"ImageObject\",\"inLanguage\":\"fr-FR\",\"@id\":\"https:\/\/rachelexposito.com\/?page_id=20#primaryimage\",\"url\":\"https:\/\/rachelexposito.com\/wp-content\/uploads\/2024\/09\/rachel_header_2-1-scaled.jpg\",\"contentUrl\":\"https:\/\/rachelexposito.com\/wp-content\/uploads\/2024\/09\/rachel_header_2-1-scaled.jpg\",\"width\":2560,\"height\":1183},{\"@type\":\"BreadcrumbList\",\"@id\":\"https:\/\/rachelexposito.com\/?page_id=20#breadcrumb\",\"itemListElement\":[{\"@type\":\"ListItem\",\"position\":1,\"name\":\"Accueil\",\"item\":\"https:\/\/rachelexposito.com\/\"},{\"@type\":\"ListItem\",\"position\":2,\"name\":\"Contact\"}]},{\"@type\":\"WebSite\",\"@id\":\"https:\/\/rachelexposito.com\/#website\",\"url\":\"https:\/\/rachelexposito.com\/\",\"name\":\"Centre Amargia\",\"description\":\"Centre Amargia\",\"potentialAction\":[{\"@type\":\"SearchAction\",\"target\":{\"@type\":\"EntryPoint\",\"urlTemplate\":\"https:\/\/rachelexposito.com\/?s={search_term_string}\"},\"query-input\":{\"@type\":\"PropertyValueSpecification\",\"valueRequired\":true,\"valueName\":\"search_term_string\"}}],\"inLanguage\":\"fr-FR\"}]}<\/script>\n<!-- \/ Yoast SEO plugin. -->","yoast_head_json":{"title":"Contact - Centre Amargia","robots":{"index":"index","follow":"follow","max-snippet":"max-snippet:-1","max-image-preview":"max-image-preview:large","max-video-preview":"max-video-preview:-1"},"canonical":"https:\/\/rachelexposito.com\/?page_id=20","og_locale":"fr_FR","og_type":"article","og_title":"Contact - Centre Amargia","og_description":"Et si c&rsquo;\u00e9tait le bon moment pour vous ? Vous pouvez me contacter simplement, par t\u00e9l\u00e9phone, email ou via le formulaire. Si vous ressentez que quelque chose ne va plus, ou que vous avez besoin d&rsquo;y voir plus clair, je serai ravie d&rsquo;\u00e9changer avec vous. Prendre rendez-vous Choisissez simplement le cr\u00e9neau qui vous convient. Premier &hellip; Lire la suite de\u00ab\u00a0Contact\u00a0\u00bb","og_url":"https:\/\/rachelexposito.com\/?page_id=20","og_site_name":"Centre Amargia","article_modified_time":"2026-04-14T06:03:13+00:00","og_image":[{"width":2560,"height":1183,"url":"https:\/\/rachelexposito.com\/wp-content\/uploads\/2024\/09\/rachel_header_2-1-scaled.jpg","type":"image\/jpeg"}],"twitter_card":"summary_large_image","twitter_misc":{"Dur\u00e9e de lecture estim\u00e9e":"1 minute"},"schema":{"@context":"https:\/\/schema.org","@graph":[{"@type":"WebPage","@id":"https:\/\/rachelexposito.com\/?page_id=20","url":"https:\/\/rachelexposito.com\/?page_id=20","name":"Contact - Centre Amargia","isPartOf":{"@id":"https:\/\/rachelexposito.com\/#website"},"primaryImageOfPage":{"@id":"https:\/\/rachelexposito.com\/?page_id=20#primaryimage"},"image":{"@id":"https:\/\/rachelexposito.com\/?page_id=20#primaryimage"},"thumbnailUrl":"https:\/\/rachelexposito.com\/wp-content\/uploads\/2024\/09\/rachel_header_2-1-scaled.jpg","datePublished":"2024-08-20T13:30:49+00:00","dateModified":"2026-04-14T06:03:13+00:00","breadcrumb":{"@id":"https:\/\/rachelexposito.com\/?page_id=20#breadcrumb"},"inLanguage":"fr-FR","potentialAction":[{"@type":"ReadAction","target":["https:\/\/rachelexposito.com\/?page_id=20"]}]},{"@type":"ImageObject","inLanguage":"fr-FR","@id":"https:\/\/rachelexposito.com\/?page_id=20#primaryimage","url":"https:\/\/rachelexposito.com\/wp-content\/uploads\/2024\/09\/rachel_header_2-1-scaled.jpg","contentUrl":"https:\/\/rachelexposito.com\/wp-content\/uploads\/2024\/09\/rachel_header_2-1-scaled.jpg","width":2560,"height":1183},{"@type":"BreadcrumbList","@id":"https:\/\/rachelexposito.com\/?page_id=20#breadcrumb","itemListElement":[{"@type":"ListItem","position":1,"name":"Accueil","item":"https:\/\/rachelexposito.com\/"},{"@type":"ListItem","position":2,"name":"Contact"}]},{"@type":"WebSite","@id":"https:\/\/rachelexposito.com\/#website","url":"https:\/\/rachelexposito.com\/","name":"Centre Amargia","description":"Centre Amargia","potentialAction":[{"@type":"SearchAction","target":{"@type":"EntryPoint","urlTemplate":"https:\/\/rachelexposito.com\/?s={search_term_string}"},"query-input":{"@type":"PropertyValueSpecification","valueRequired":true,"valueName":"search_term_string"}}],"inLanguage":"fr-FR"}]}},"uagb_featured_image_src":{"full":["https:\/\/rachelexposito.com\/wp-content\/uploads\/2024\/09\/rachel_header_2-1-scaled.jpg",2560,1183,false],"thumbnail":["https:\/\/rachelexposito.com\/wp-content\/uploads\/2024\/09\/rachel_header_2-1-150x150.jpg",150,150,true],"medium":["https:\/\/rachelexposito.com\/wp-content\/uploads\/2024\/09\/rachel_header_2-1-300x139.jpg",300,139,true],"medium_large":["https:\/\/rachelexposito.com\/wp-content\/uploads\/2024\/09\/rachel_header_2-1-scaled.jpg",768,355,false],"large":["https:\/\/rachelexposito.com\/wp-content\/uploads\/2024\/09\/rachel_header_2-1-1024x473.jpg",950,439,true],"1536x1536":["https:\/\/rachelexposito.com\/wp-content\/uploads\/2024\/09\/rachel_header_2-1-scaled-1536x710.jpg",1536,710,true],"2048x2048":["https:\/\/rachelexposito.com\/wp-content\/uploads\/2024\/09\/rachel_header_2-1-scaled-2048x946.jpg",2048,946,true],"inspiro-featured-image":["https:\/\/rachelexposito.com\/wp-content\/uploads\/2024\/09\/rachel_header_2-1-2000x924.jpg",2000,924,true],"inspiro-loop":["https:\/\/rachelexposito.com\/wp-content\/uploads\/2024\/09\/rachel_header_2-1-950x320.jpg",950,320,true],"inspiro-loop@2x":["https:\/\/rachelexposito.com\/wp-content\/uploads\/2024\/09\/rachel_header_2-1-1900x640.jpg",1900,640,true]},"uagb_author_info":{"display_name":"rachel.ange","author_link":"https:\/\/rachelexposito.com\/?author=1"},"uagb_comment_info":0,"uagb_excerpt":"Et si c&rsquo;\u00e9tait le bon moment pour vous ? Vous pouvez me contacter simplement, par t\u00e9l\u00e9phone, email ou via le formulaire. Si vous ressentez que quelque chose ne va plus, ou que vous avez besoin d&rsquo;y voir plus clair, je serai ravie d&rsquo;\u00e9changer avec vous. Prendre rendez-vous Choisissez simplement le cr\u00e9neau qui vous convient. Premier\u2026","_links":{"self":[{"href":"https:\/\/rachelexposito.com\/index.php?rest_route=\/wp\/v2\/pages\/20"}],"collection":[{"href":"https:\/\/rachelexposito.com\/index.php?rest_route=\/wp\/v2\/pages"}],"about":[{"href":"https:\/\/rachelexposito.com\/index.php?rest_route=\/wp\/v2\/types\/page"}],"author":[{"embeddable":true,"href":"https:\/\/rachelexposito.com\/index.php?rest_route=\/wp\/v2\/users\/1"}],"replies":[{"embeddable":true,"href":"https:\/\/rachelexposito.com\/index.php?rest_route=%2Fwp%2Fv2%2Fcomments&post=20"}],"version-history":[{"count":35,"href":"https:\/\/rachelexposito.com\/index.php?rest_route=\/wp\/v2\/pages\/20\/revisions"}],"predecessor-version":[{"id":646,"href":"https:\/\/rachelexposito.com\/index.php?rest_route=\/wp\/v2\/pages\/20\/revisions\/646"}],"wp:featuredmedia":[{"embeddable":true,"href":"https:\/\/rachelexposito.com\/index.php?rest_route=\/wp\/v2\/media\/257"}],"wp:attachment":[{"href":"https:\/\/rachelexposito.com\/index.php?rest_route=%2Fwp%2Fv2%2Fmedia&parent=20"}],"curies":[{"name":"wp","href":"https:\/\/api.w.org\/{rel}","templated":true}]}}