{"id":41,"date":"2024-08-29T17:35:16","date_gmt":"2024-08-29T15:35:16","guid":{"rendered":"https:\/\/rachelexposito.com\/?page_id=41"},"modified":"2024-09-29T19:12:45","modified_gmt":"2024-09-29T17:12:45","slug":"accompagnement-pro-particulier","status":"publish","type":"page","link":"https:\/\/rachelexposito.com\/?page_id=41","title":{"rendered":"Accompagnement particuliers"},"content":{"rendered":"\n<div style=\"height:100px\" aria-hidden=\"true\" class=\"wp-block-spacer\"><\/div>\n\n\n\n<div class=\"wp-block-uagb-container uagb-block-72ccbb0e alignfull uagb-is-root-container\"><div class=\"uagb-container-inner-blocks-wrap\">\n<div class=\"wp-block-uagb-container uagb-block-4ac36fd6\">\n<p>                     <strong>M\u00e9thode Sugarra<\/strong> : <strong>Raviver la flamme<\/strong> <strong>!<\/strong><\/p>\n\n\n\n<p><strong>Le voyage int\u00e9rieur<\/strong> : <\/p>\n\n\n\n<p>Technique de lib\u00e9ration \u00e9motionnelle pour d\u00e9nouer les blocages int\u00e9rieurs. Cette puissante technique aide \u00e0 la lib\u00e9ration de l&rsquo;\u00e9nergie contenue ou bloqu\u00e9e afin de retrouver apaisement et l\u00e9g\u00e8ret\u00e9.<\/p>\n\n\n\n<p><strong>Les chants de l&rsquo;\u00e9motion<\/strong> : <\/p>\n\n\n\n<p>Accompagnement \u00e0 l&rsquo;expression vocale harmonieuse de votre m\u00e9lodie int\u00e9rieure<\/p>\n\n\n\n<p><\/p>\n\n\n\n<p><\/p>\n<\/div>\n\n\n\n<div class=\"wp-block-group is-nowrap is-layout-flex wp-container-core-group-is-layout-1 wp-block-group-is-layout-flex\">\n<div style=\"height:100px;width:0px\" aria-hidden=\"true\" class=\"wp-block-spacer wp-container-content-1\"><\/div>\n\n\n\n<div class=\"wp-block-uagb-container uagb-block-b99d222b\">\n<figure class=\"wp-block-image size-full\"><img decoding=\"async\" width=\"825\" height=\"835\" src=\"https:\/\/rachelexposito.com\/wp-content\/uploads\/2024\/09\/rachel_2.png\" alt=\"\" class=\"wp-image-130\" style=\"aspect-ratio:1;object-fit:cover\" srcset=\"https:\/\/rachelexposito.com\/wp-content\/uploads\/2024\/09\/rachel_2.png 825w, https:\/\/rachelexposito.com\/wp-content\/uploads\/2024\/09\/rachel_2-296x300.png 296w\" sizes=\"(max-width: 825px) 100vw, 825px\" \/><\/figure>\n<\/div>\n<\/div>\n<\/div><\/div>\n\n\n\n<p><br>Le site fait peau neuve, site en cours de construction. Merci pour votre compr\u00e9hension<\/p>\n\n\n\n<div style=\"height:100px\" aria-hidden=\"true\" class=\"wp-block-spacer\"><\/div>\n\n\n\n<p><br><\/p>\n\n\n\n<div style=\"height:100px\" aria-hidden=\"true\" class=\"wp-block-spacer\"><\/div>\n","protected":false},"excerpt":{"rendered":"<p>M\u00e9thode Sugarra : Raviver la flamme ! Le voyage int\u00e9rieur : Technique de lib\u00e9ration \u00e9motionnelle pour d\u00e9nouer les blocages int\u00e9rieurs. Cette puissante technique aide \u00e0 la lib\u00e9ration de l&rsquo;\u00e9nergie contenue ou bloqu\u00e9e afin de retrouver apaisement et l\u00e9g\u00e8ret\u00e9. Les chants de l&rsquo;\u00e9motion : Accompagnement \u00e0 l&rsquo;expression vocale harmonieuse de votre m\u00e9lodie int\u00e9rieure Le site fait &hellip; <\/p>\n<p class=\"link-more\"><a href=\"https:\/\/rachelexposito.com\/?page_id=41\" class=\"more-link\">Lire la suite de<span class=\"screen-reader-text\">\u00ab\u00a0Accompagnement particuliers\u00a0\u00bb<\/span><\/a><\/p>\n","protected":false},"author":1,"featured_media":0,"parent":0,"menu_order":0,"comment_status":"closed","ping_status":"closed","template":"","meta":{"_uag_custom_page_level_css":"","footnotes":""},"class_list":["post-41","page","type-page","status-publish","hentry"],"yoast_head":"<!-- This site is optimized with the Yoast SEO plugin v23.4 - https:\/\/yoast.com\/wordpress\/plugins\/seo\/ -->\n<title>Accompagnement particuliers - Centre Amargia<\/title>\n<meta name=\"robots\" content=\"index, follow, max-snippet:-1, max-image-preview:large, max-video-preview:-1\" \/>\n<link rel=\"canonical\" href=\"https:\/\/rachelexposito.com\/?page_id=41\" \/>\n<meta property=\"og:locale\" content=\"fr_FR\" \/>\n<meta property=\"og:type\" content=\"article\" \/>\n<meta property=\"og:title\" content=\"Accompagnement particuliers - Centre Amargia\" \/>\n<meta property=\"og:description\" content=\"M\u00e9thode Sugarra : Raviver la flamme ! Le voyage int\u00e9rieur : Technique de lib\u00e9ration \u00e9motionnelle pour d\u00e9nouer les blocages int\u00e9rieurs. Cette puissante technique aide \u00e0 la lib\u00e9ration de l&rsquo;\u00e9nergie contenue ou bloqu\u00e9e afin de retrouver apaisement et l\u00e9g\u00e8ret\u00e9. Les chants de l&rsquo;\u00e9motion : Accompagnement \u00e0 l&rsquo;expression vocale harmonieuse de votre m\u00e9lodie int\u00e9rieure Le site fait &hellip; Lire la suite de\u00ab\u00a0Accompagnement particuliers\u00a0\u00bb\" \/>\n<meta property=\"og:url\" content=\"https:\/\/rachelexposito.com\/?page_id=41\" \/>\n<meta property=\"og:site_name\" content=\"Centre Amargia\" \/>\n<meta property=\"article:modified_time\" content=\"2024-09-29T17:12:45+00:00\" \/>\n<meta property=\"og:image\" content=\"https:\/\/rachelexposito.com\/wp-content\/uploads\/2024\/09\/rachel_2.png\" \/>\n<meta name=\"twitter:card\" content=\"summary_large_image\" \/>\n<meta name=\"twitter:label1\" content=\"Dur\u00e9e de lecture estim\u00e9e\" \/>\n\t<meta name=\"twitter:data1\" content=\"1 minute\" \/>\n<script type=\"application\/ld+json\" class=\"yoast-schema-graph\">{\"@context\":\"https:\/\/schema.org\",\"@graph\":[{\"@type\":\"WebPage\",\"@id\":\"https:\/\/rachelexposito.com\/?page_id=41\",\"url\":\"https:\/\/rachelexposito.com\/?page_id=41\",\"name\":\"Accompagnement particuliers - Centre Amargia\",\"isPartOf\":{\"@id\":\"https:\/\/rachelexposito.com\/#website\"},\"primaryImageOfPage\":{\"@id\":\"https:\/\/rachelexposito.com\/?page_id=41#primaryimage\"},\"image\":{\"@id\":\"https:\/\/rachelexposito.com\/?page_id=41#primaryimage\"},\"thumbnailUrl\":\"https:\/\/rachelexposito.com\/wp-content\/uploads\/2024\/09\/rachel_2.png\",\"datePublished\":\"2024-08-29T15:35:16+00:00\",\"dateModified\":\"2024-09-29T17:12:45+00:00\",\"breadcrumb\":{\"@id\":\"https:\/\/rachelexposito.com\/?page_id=41#breadcrumb\"},\"inLanguage\":\"fr-FR\",\"potentialAction\":[{\"@type\":\"ReadAction\",\"target\":[\"https:\/\/rachelexposito.com\/?page_id=41\"]}]},{\"@type\":\"ImageObject\",\"inLanguage\":\"fr-FR\",\"@id\":\"https:\/\/rachelexposito.com\/?page_id=41#primaryimage\",\"url\":\"https:\/\/rachelexposito.com\/wp-content\/uploads\/2024\/09\/rachel_2.png\",\"contentUrl\":\"https:\/\/rachelexposito.com\/wp-content\/uploads\/2024\/09\/rachel_2.png\",\"width\":825,\"height\":835},{\"@type\":\"BreadcrumbList\",\"@id\":\"https:\/\/rachelexposito.com\/?page_id=41#breadcrumb\",\"itemListElement\":[{\"@type\":\"ListItem\",\"position\":1,\"name\":\"Accueil\",\"item\":\"https:\/\/rachelexposito.com\/\"},{\"@type\":\"ListItem\",\"position\":2,\"name\":\"Accompagnement particuliers\"}]},{\"@type\":\"WebSite\",\"@id\":\"https:\/\/rachelexposito.com\/#website\",\"url\":\"https:\/\/rachelexposito.com\/\",\"name\":\"Centre Amargia\",\"description\":\"Centre Amargia\",\"potentialAction\":[{\"@type\":\"SearchAction\",\"target\":{\"@type\":\"EntryPoint\",\"urlTemplate\":\"https:\/\/rachelexposito.com\/?s={search_term_string}\"},\"query-input\":{\"@type\":\"PropertyValueSpecification\",\"valueRequired\":true,\"valueName\":\"search_term_string\"}}],\"inLanguage\":\"fr-FR\"}]}<\/script>\n<!-- \/ Yoast SEO plugin. -->","yoast_head_json":{"title":"Accompagnement particuliers - Centre Amargia","robots":{"index":"index","follow":"follow","max-snippet":"max-snippet:-1","max-image-preview":"max-image-preview:large","max-video-preview":"max-video-preview:-1"},"canonical":"https:\/\/rachelexposito.com\/?page_id=41","og_locale":"fr_FR","og_type":"article","og_title":"Accompagnement particuliers - Centre Amargia","og_description":"M\u00e9thode Sugarra : Raviver la flamme ! Le voyage int\u00e9rieur : Technique de lib\u00e9ration \u00e9motionnelle pour d\u00e9nouer les blocages int\u00e9rieurs. Cette puissante technique aide \u00e0 la lib\u00e9ration de l&rsquo;\u00e9nergie contenue ou bloqu\u00e9e afin de retrouver apaisement et l\u00e9g\u00e8ret\u00e9. Les chants de l&rsquo;\u00e9motion : Accompagnement \u00e0 l&rsquo;expression vocale harmonieuse de votre m\u00e9lodie int\u00e9rieure Le site fait &hellip; Lire la suite de\u00ab\u00a0Accompagnement particuliers\u00a0\u00bb","og_url":"https:\/\/rachelexposito.com\/?page_id=41","og_site_name":"Centre Amargia","article_modified_time":"2024-09-29T17:12:45+00:00","og_image":[{"url":"https:\/\/rachelexposito.com\/wp-content\/uploads\/2024\/09\/rachel_2.png"}],"twitter_card":"summary_large_image","twitter_misc":{"Dur\u00e9e de lecture estim\u00e9e":"1 minute"},"schema":{"@context":"https:\/\/schema.org","@graph":[{"@type":"WebPage","@id":"https:\/\/rachelexposito.com\/?page_id=41","url":"https:\/\/rachelexposito.com\/?page_id=41","name":"Accompagnement particuliers - Centre Amargia","isPartOf":{"@id":"https:\/\/rachelexposito.com\/#website"},"primaryImageOfPage":{"@id":"https:\/\/rachelexposito.com\/?page_id=41#primaryimage"},"image":{"@id":"https:\/\/rachelexposito.com\/?page_id=41#primaryimage"},"thumbnailUrl":"https:\/\/rachelexposito.com\/wp-content\/uploads\/2024\/09\/rachel_2.png","datePublished":"2024-08-29T15:35:16+00:00","dateModified":"2024-09-29T17:12:45+00:00","breadcrumb":{"@id":"https:\/\/rachelexposito.com\/?page_id=41#breadcrumb"},"inLanguage":"fr-FR","potentialAction":[{"@type":"ReadAction","target":["https:\/\/rachelexposito.com\/?page_id=41"]}]},{"@type":"ImageObject","inLanguage":"fr-FR","@id":"https:\/\/rachelexposito.com\/?page_id=41#primaryimage","url":"https:\/\/rachelexposito.com\/wp-content\/uploads\/2024\/09\/rachel_2.png","contentUrl":"https:\/\/rachelexposito.com\/wp-content\/uploads\/2024\/09\/rachel_2.png","width":825,"height":835},{"@type":"BreadcrumbList","@id":"https:\/\/rachelexposito.com\/?page_id=41#breadcrumb","itemListElement":[{"@type":"ListItem","position":1,"name":"Accueil","item":"https:\/\/rachelexposito.com\/"},{"@type":"ListItem","position":2,"name":"Accompagnement particuliers"}]},{"@type":"WebSite","@id":"https:\/\/rachelexposito.com\/#website","url":"https:\/\/rachelexposito.com\/","name":"Centre Amargia","description":"Centre Amargia","potentialAction":[{"@type":"SearchAction","target":{"@type":"EntryPoint","urlTemplate":"https:\/\/rachelexposito.com\/?s={search_term_string}"},"query-input":{"@type":"PropertyValueSpecification","valueRequired":true,"valueName":"search_term_string"}}],"inLanguage":"fr-FR"}]}},"uagb_featured_image_src":{"full":false,"thumbnail":false,"medium":false,"medium_large":false,"large":false,"1536x1536":false,"2048x2048":false,"inspiro-featured-image":false,"inspiro-loop":false,"inspiro-loop@2x":false},"uagb_author_info":{"display_name":"rachel.ange","author_link":"https:\/\/rachelexposito.com\/?author=1"},"uagb_comment_info":0,"uagb_excerpt":"M\u00e9thode Sugarra : Raviver la flamme ! Le voyage int\u00e9rieur : Technique de lib\u00e9ration \u00e9motionnelle pour d\u00e9nouer les blocages int\u00e9rieurs. Cette puissante technique aide \u00e0 la lib\u00e9ration de l&rsquo;\u00e9nergie contenue ou bloqu\u00e9e afin de retrouver apaisement et l\u00e9g\u00e8ret\u00e9. Les chants de l&rsquo;\u00e9motion : Accompagnement \u00e0 l&rsquo;expression vocale harmonieuse de votre m\u00e9lodie int\u00e9rieure Le site fait\u2026","_links":{"self":[{"href":"https:\/\/rachelexposito.com\/index.php?rest_route=\/wp\/v2\/pages\/41"}],"collection":[{"href":"https:\/\/rachelexposito.com\/index.php?rest_route=\/wp\/v2\/pages"}],"about":[{"href":"https:\/\/rachelexposito.com\/index.php?rest_route=\/wp\/v2\/types\/page"}],"author":[{"embeddable":true,"href":"https:\/\/rachelexposito.com\/index.php?rest_route=\/wp\/v2\/users\/1"}],"replies":[{"embeddable":true,"href":"https:\/\/rachelexposito.com\/index.php?rest_route=%2Fwp%2Fv2%2Fcomments&post=41"}],"version-history":[{"count":17,"href":"https:\/\/rachelexposito.com\/index.php?rest_route=\/wp\/v2\/pages\/41\/revisions"}],"predecessor-version":[{"id":420,"href":"https:\/\/rachelexposito.com\/index.php?rest_route=\/wp\/v2\/pages\/41\/revisions\/420"}],"wp:attachment":[{"href":"https:\/\/rachelexposito.com\/index.php?rest_route=%2Fwp%2Fv2%2Fmedia&parent=41"}],"curies":[{"name":"wp","href":"https:\/\/api.w.org\/{rel}","templated":true}]}}